{"id":2930,"date":"2025-12-10T12:07:14","date_gmt":"2025-12-10T11:07:14","guid":{"rendered":"https:\/\/protea.pl\/our-values\/"},"modified":"2026-02-27T11:50:08","modified_gmt":"2026-02-27T10:50:08","slug":"our-values","status":"publish","type":"page","link":"https:\/\/protea.pl\/pl\/our-values\/","title":{"rendered":"Nasze Warto\u015bci"},"content":{"rendered":"\n<section class=\"section-main-hero section mt-48 mb-48\">\n<div class=\"section-main-hero__inner-container inner-container pt-3xl pb-3xl\">\n<div class=\"section-main-hero__container container\">\n<h2 class=\"heading--decoration heading\">25+ Lat                                                                do\u015bwiadczenia <\/h2>\n\n\n\n<h2 class=\"heading--secondary heading\">Nasze warto\u015bci<\/h2>\n\n\n\n<div class=\"container__row container\">\n<div class=\"container__row--col1 container\">\n<p><\/p>\n<\/div>\n\n\n\n<div class=\"container__row--col2 container\">\n<div class=\"container__row--col2-1 container\"><\/div>\n\n\n\n<div class=\"container__row--col2-2 container\">\n<a href=\"\/\" class=\"button is-style-primary\" target=\"_self\" rel=\"noopener noreferrer\"><span class=\"text\">scroll to more<\/span><\/a>\n<\/div>\n<\/div>\n<\/div>\n<\/div>\n<\/div>\n\n\n\n<div class=\"background\"><img loading=\"lazy\" decoding=\"async\" class=\"background__image wp-image-1508\" src=\"https:\/\/protea.pl\/wp-content\/uploads\/2025\/11\/Stanowisko-testowe-1@2x-scaled-2-e1762850291300.jpg\" alt=\"\" width=\"2560\" height=\"1033\" srcset=\"https:\/\/protea.pl\/wp-content\/uploads\/2025\/11\/Stanowisko-testowe-1@2x-scaled-2-e1762850291300-256x103.jpg 256w, https:\/\/protea.pl\/wp-content\/uploads\/2025\/11\/Stanowisko-testowe-1@2x-scaled-2-e1762850291300-768x310.jpg 768w, https:\/\/protea.pl\/wp-content\/uploads\/2025\/11\/Stanowisko-testowe-1@2x-scaled-2-e1762850291300-1280x517.jpg 1280w, https:\/\/protea.pl\/wp-content\/uploads\/2025\/11\/Stanowisko-testowe-1@2x-scaled-2-e1762850291300.jpg 2560w\"\/><\/div>\n<\/section>\n\n\n\n<div class=\"sections-wrapper-whitebg sections-wrapper pb-2\" style=\"background-color:#f3f5f7\">\n<section id=\"kodeks-postepowania\" class=\"section-reverse-box-image section mt-48\" style=\"background-color:#f3f5f7\">\n<div class=\"section-reverse-box-image__inner-container inner-container pt-3xl pb-3xl column-reverse ai-center\">\n<div class=\"section-reverse-box-image__col2 container\">\n<figure class=\"image\"><div class=\"inner-container\"><img loading=\"lazy\" decoding=\"async\" src=\"https:\/\/protea.pl\/wp-content\/uploads\/2026\/01\/DSC1313-scaled-e1768380391270.jpg\" class=\"wp-image-2662\" width=\"1709\" height=\"1384\" srcset=\"https:\/\/protea.pl\/wp-content\/uploads\/2026\/01\/DSC1313-scaled-e1768380391270.jpg 1709w, https:\/\/protea.pl\/wp-content\/uploads\/2026\/01\/DSC1313-scaled-e1768380391270-768x622.jpg 768w, https:\/\/protea.pl\/wp-content\/uploads\/2026\/01\/DSC1313-scaled-e1768380391270-1280x1037.jpg 1280w, https:\/\/protea.pl\/wp-content\/uploads\/2026\/01\/DSC1313-scaled-e1768380391270-256x207.jpg 256w, https:\/\/protea.pl\/wp-content\/uploads\/2026\/01\/DSC1313-scaled-e1768380391270-1024x829.jpg 1024w, https:\/\/protea.pl\/wp-content\/uploads\/2026\/01\/DSC1313-scaled-e1768380391270-1536x1244.jpg 1536w, https:\/\/protea.pl\/wp-content\/uploads\/2026\/01\/DSC1313-scaled-e1768380391270-512x415.jpg 512w\" sizes=\"auto, (max-width: 1709px) 100vw, 1709px\" \/><\/div><\/figure>\n<\/div>\n\n\n\n<div class=\"section-reverse-box-image__col1 container\">\n<h2 class=\"section__heading heading\">Kodeks Post\u0119powania<\/h2>\n\n\n\n<p><strong>Nasza misja<\/strong><br>Spe\u0142nianie potrzeb i oczekiwa\u0144 klient\u00f3w poprzez dostarczanie wysokiej jako\u015bci rozwi\u0105za\u0144 technicznych w dobrej cenie i w ustalonym terminie.<\/p>\n\n\n\n<p><strong>Nasza wizja<\/strong><br>Wzmacnianie pozycji na rynku urz\u0105dze\u0144 d\u017awigowych przeznaczonych dla przemys\u0142u energetycznego, w tym bran\u017cy offshore, morskiej i l\u0105dowej, poprzez ci\u0105g\u0142e doskonalenie proces\u00f3w, rozszerzanie zakresu dzia\u0142alno\u015bci oraz wprowadzanie nowych rozwi\u0105za\u0144 technologicznych.<\/p>\n\n\n\n<a href=\"https:\/\/protea.pl\/wp-content\/uploads\/2026\/01\/2024_CoC_v3.pdf\" class=\"button is-style-primary\" target=\"_self\" rel=\"noopener noreferrer\" download><span class=\"text\">ZOBACZ WI\u0118CEJ<\/span><\/a>\n\n\n<\/div>\n<\/div>\n<\/section>\n\n\n\n<section id=\"polityka-jakosci\" class=\"section-reverse-box-image section mt-48\" style=\"background-color:#f3f5f7\">\n<div class=\"section-reverse-box-image__inner-container inner-container pt-3xl pb-3xl column-reverse ai-center\">\n<div class=\"section-reverse-box-image__col1 container\">\n<h2 class=\"section__heading heading\">Polityka Jako\u015bci<\/h2>\n\n\n\n<p>W PROTEA bezpiecze\u0144stwo i dobro naszych pracownik\u00f3w s\u0105 fundamentem wszystkiego, co robimy. Zobowi\u0105zujemy si\u0119 do utrzymania miejsca pracy wolnego od wypadk\u00f3w, zapewniaj\u0105c najwy\u017csze standardy BHP w naszych procesach, obiektach i us\u0142ugach. \u015aci\u015ble wsp\u00f3\u0142pracujemy z zewn\u0119trznymi ekspertami ds. BHP i ochrony przeciwpo\u017carowej, zapewniamy odpowiednie \u015brodki ochrony osobistej (PPE) oraz prowadzimy ci\u0105g\u0142e szkolenia dla pracownik\u00f3w, wykonawc\u00f3w i go\u015bci. Nasze procedury s\u0105 regularnie monitorowane, aby gwarantowa\u0107 bezpieczne i optymalne warunki pracy dla wszystkich.<\/p>\n\n\n\n<p class=\"text font__decoration fs-30 font-700 font-italic\">BEZPIECZE\u0143STWO JEST NASZYM NAJWA\u017bNIEJSZYM PRIORYTETEM<\/p>\n\n\n\n<a href=\"https:\/\/protea.pl\/wp-content\/uploads\/2026\/02\/2026_ISO14001_45001_PL-combined.pdf\" class=\"button is-style-primary\" target=\"_self\" rel=\"noopener noreferrer\" download><span class=\"text\">SPRAWD\u0179 NASZE CERTYFIKATY<\/span><\/a>\n<\/div>\n\n\n\n<div class=\"section-reverse-box-image__col2 container\">\n<figure class=\"image\"><div class=\"inner-container\"><img loading=\"lazy\" decoding=\"async\" src=\"https:\/\/protea.pl\/wp-content\/uploads\/2025\/12\/20241220_135512-scaled-e1765538295248.jpg\" class=\"wp-image-1836\" width=\"1694\" height=\"970\" srcset=\"https:\/\/protea.pl\/wp-content\/uploads\/2025\/12\/20241220_135512-scaled-e1765538295248.jpg 1694w, https:\/\/protea.pl\/wp-content\/uploads\/2025\/12\/20241220_135512-scaled-e1765538295248-768x440.jpg 768w, https:\/\/protea.pl\/wp-content\/uploads\/2025\/12\/20241220_135512-scaled-e1765538295248-1280x733.jpg 1280w, https:\/\/protea.pl\/wp-content\/uploads\/2025\/12\/20241220_135512-scaled-e1765538295248-256x147.jpg 256w, https:\/\/protea.pl\/wp-content\/uploads\/2025\/12\/20241220_135512-scaled-e1765538295248-1024x586.jpg 1024w, https:\/\/protea.pl\/wp-content\/uploads\/2025\/12\/20241220_135512-scaled-e1765538295248-1536x880.jpg 1536w, https:\/\/protea.pl\/wp-content\/uploads\/2025\/12\/20241220_135512-scaled-e1765538295248-512x293.jpg 512w\" sizes=\"auto, (max-width: 1694px) 100vw, 1694px\" \/><\/div><\/figure>\n<\/div>\n<\/div>\n<\/section>\n\n\n\n<section id=\"spoleczna-odpowiedzialnosc-biznesu\" class=\"section-reverse-box-image section bg-white mt-48 mb-48\">\n<div class=\"section-reverse-box-image__inner-container inner-container ai-center\">\n<div class=\"section-reverse-box-image__col1 container\">\n<h2 class=\"section__heading heading\">CSR (Spo\u0142eczna Odpowiedzialno\u015b\u0107 Biznesu)<\/h2>\n\n\n\n<p>W Protea wierzymy, \u017ce odpowiedzialny biznes oznacza tworzenie d\u0142ugoterminowej warto\u015bci przy poszanowaniu ludzi, spo\u0142eczno\u015bci i \u015brodowiska. Wspieramy lokalne spo\u0142eczno\u015bci poprzez inicjatywy anga\u017cuj\u0105ce naszych pracownik\u00f3w. Inwestujemy r\u00f3wnie\u017c w przysz\u0142e talenty, wsp\u00f3\u0142pracuj\u0105c ze szko\u0142ami technicznymi i uczelniami, oferuj\u0105c sta\u017ce i praktyki, kt\u00f3re pomagaj\u0105 rozwija\u0107 kolejne pokolenie in\u017cynier\u00f3w i specjalist\u00f3w. Odpowiedzialno\u015b\u0107 \u015brodowiskowa jest integraln\u0105 cz\u0119\u015bci\u0105 naszej dzia\u0142alno\u015bci. Dzi\u0119ki certyfikatowi ISO 14001 i sta\u0142emu d\u0105\u017ceniu do ograniczania naszego wp\u0142ywu na \u015brodowisko wdra\u017camy zr\u00f3wnowa\u017cone i odpowiedzialne ekologicznie praktyki we wszystkich naszych obiektach i projektach.<\/p>\n\n\n\n<p>Razem te dzia\u0142ania odzwierciedlaj\u0105 zobowi\u0105zanie Protea do zr\u00f3wnowa\u017conego rozwoju i odpowiedzialnego wzrostu dla wszystkich interesariuszy<\/p>\n\n\n\n<p class=\"text font__decoration fs-30 font-700 font-italic\">WSPIERAMY SPO\u0141ECZNO\u015aCI, LUDZI I PLANET\u0118.<\/p>\n<\/div>\n\n\n\n<div class=\"section-reverse-box-image__col2 container\">\n<figure class=\"image\"><div class=\"inner-container\"><img loading=\"lazy\" decoding=\"async\" src=\"https:\/\/protea.pl\/wp-content\/uploads\/2025\/12\/rit-1-e1768221992557.jpg\" class=\"wp-image-1838\" width=\"1850\" height=\"1080\" srcset=\"https:\/\/protea.pl\/wp-content\/uploads\/2025\/12\/rit-1-e1768221992557.jpg 1850w, https:\/\/protea.pl\/wp-content\/uploads\/2025\/12\/rit-1-e1768221992557-768x448.jpg 768w, https:\/\/protea.pl\/wp-content\/uploads\/2025\/12\/rit-1-e1768221992557-1280x747.jpg 1280w, https:\/\/protea.pl\/wp-content\/uploads\/2025\/12\/rit-1-e1768221992557-256x149.jpg 256w, https:\/\/protea.pl\/wp-content\/uploads\/2025\/12\/rit-1-e1768221992557-1024x598.jpg 1024w, https:\/\/protea.pl\/wp-content\/uploads\/2025\/12\/rit-1-e1768221992557-1536x897.jpg 1536w, https:\/\/protea.pl\/wp-content\/uploads\/2025\/12\/rit-1-e1768221992557-512x299.jpg 512w\" sizes=\"auto, (max-width: 1850px) 100vw, 1850px\" \/><\/div><\/figure>\n<\/div>\n<\/div>\n<\/section>\n\n\n\n<section id=\"substainable-development\" class=\"section-reverse-box-image section mt-48\" style=\"background-color:#f3f5f7\">\n<div class=\"section-reverse-box-image__inner-container inner-container pt-3xl pb-3xl column-reverse ai-center\">\n<div class=\"section-reverse-box-image__col1 container\">\n<h2 class=\"section__heading heading\">Zr\u00f3wnowa\u017cony rozw\u00f3j<\/h2>\n\n\n\n<p>W Protea zr\u00f3wnowa\u017cony rozw\u00f3j jest integraln\u0105 cz\u0119\u015bci\u0105 wszystkiego, co robimy. Skupiamy si\u0119 na czterech obszarach, w kt\u00f3rych mo\u017cemy wywrze\u0107 najwi\u0119kszy wp\u0142yw:<br><strong>Dla ludzi i biznesu:<\/strong><br><strong>Innowacje, przemys\u0142 i infrastruktura<\/strong> \u2013 tworzenie inteligentniejszych i bardziej efektywnych rozwi\u0105za\u0144.<br><strong>Wzrost gospodarczy i miejsca pracy<\/strong> \u2013 wspieranie rozwoju zawodowego i stabilnych miejsc pracy.<br><strong>R\u00f3wno\u015b\u0107 p\u0142ci<\/strong> \u2013 promowanie r\u00f3\u017cnorodno\u015bci i r\u00f3wnych szans.<br><strong>Dla planety:<\/strong><br><strong>Dzia\u0142ania na rzecz klimatu<\/strong> \u2013 ograniczanie naszego wp\u0142ywu na \u015brodowisko i wspieranie niskoemisyjnej przysz\u0142o\u015bci.<br>Te obszary priorytetowe kszta\u0142tuj\u0105 warto\u015b\u0107 Protea i pokazuj\u0105, jak \u0142\u0105czymy biznes z odpowiedzialno\u015bci\u0105.<\/p>\n\n\n\n<p class=\"text font__decoration fs-30 font-700 font-italic\">Budujemy odpowiedzialn\u0105 przysz\u0142o\u015b\u0107<\/p>\n<\/div>\n\n\n\n<div class=\"section-reverse-box-image__col2 container\">\n<figure class=\"image\"><div class=\"inner-container\"><img loading=\"lazy\" decoding=\"async\" src=\"https:\/\/protea.pl\/wp-content\/uploads\/2025\/10\/1751549818486-photoshoped-e1759751045790.png\" class=\"wp-image-1357\" width=\"1200\" height=\"1600\"\/><\/div><\/figure>\n<\/div>\n<\/div>\n<\/section>\n<\/div>\n\n\n\n<p><\/p>\n","protected":false},"excerpt":{"rendered":"","protected":false},"author":1,"featured_media":0,"parent":0,"menu_order":0,"comment_status":"closed","ping_status":"closed","template":"","meta":{"_acf_changed":false,"protea_body_class":"","footnotes":""},"class_list":["post-2930","page","type-page","status-publish","hentry"],"yoast_head":"<!-- This site is optimized with the Yoast SEO plugin v27.4 - https:\/\/yoast.com\/product\/yoast-seo-wordpress\/ -->\n<title>Nasze Warto\u015bci - Protea<\/title>\n<meta name=\"robots\" content=\"index, follow, max-snippet:-1, max-image-preview:large, max-video-preview:-1\" \/>\n<link rel=\"canonical\" href=\"https:\/\/protea.pl\/pl\/our-values\/\" \/>\n<meta property=\"og:locale\" content=\"pl_PL\" \/>\n<meta property=\"og:type\" content=\"article\" \/>\n<meta property=\"og:title\" content=\"Nasze Warto\u015bci - Protea\" \/>\n<meta property=\"og:url\" content=\"https:\/\/protea.pl\/pl\/our-values\/\" \/>\n<meta property=\"og:site_name\" content=\"Protea\" \/>\n<meta property=\"article:modified_time\" content=\"2026-02-27T10:50:08+00:00\" \/>\n<meta property=\"og:image\" content=\"https:\/\/protea.pl\/wp-content\/uploads\/2025\/11\/Stanowisko-testowe-1@2x-scaled-2-e1762850291300.jpg\" \/>\n\t<meta property=\"og:image:width\" content=\"2560\" \/>\n\t<meta property=\"og:image:height\" content=\"1033\" \/>\n\t<meta property=\"og:image:type\" content=\"image\/jpeg\" \/>\n<meta name=\"twitter:card\" content=\"summary_large_image\" \/>\n<meta name=\"twitter:label1\" content=\"Szacowany czas czytania\" \/>\n\t<meta name=\"twitter:data1\" content=\"3 minuty\" \/>\n<script type=\"application\/ld+json\" class=\"yoast-schema-graph\">{\"@context\":\"https:\\\/\\\/schema.org\",\"@graph\":[{\"@type\":\"WebPage\",\"@id\":\"https:\\\/\\\/protea.pl\\\/pl\\\/our-values\\\/\",\"url\":\"https:\\\/\\\/protea.pl\\\/pl\\\/our-values\\\/\",\"name\":\"Nasze Warto\u015bci - Protea\",\"isPartOf\":{\"@id\":\"https:\\\/\\\/protea.pl\\\/#website\"},\"primaryImageOfPage\":{\"@id\":\"https:\\\/\\\/protea.pl\\\/pl\\\/our-values\\\/#primaryimage\"},\"image\":{\"@id\":\"https:\\\/\\\/protea.pl\\\/pl\\\/our-values\\\/#primaryimage\"},\"thumbnailUrl\":\"https:\\\/\\\/protea.pl\\\/wp-content\\\/uploads\\\/2025\\\/11\\\/Stanowisko-testowe-1@2x-scaled-2-e1762850291300.jpg\",\"datePublished\":\"2025-12-10T11:07:14+00:00\",\"dateModified\":\"2026-02-27T10:50:08+00:00\",\"breadcrumb\":{\"@id\":\"https:\\\/\\\/protea.pl\\\/pl\\\/our-values\\\/#breadcrumb\"},\"inLanguage\":\"pl-PL\",\"potentialAction\":[{\"@type\":\"ReadAction\",\"target\":[\"https:\\\/\\\/protea.pl\\\/pl\\\/our-values\\\/\"]}]},{\"@type\":\"ImageObject\",\"inLanguage\":\"pl-PL\",\"@id\":\"https:\\\/\\\/protea.pl\\\/pl\\\/our-values\\\/#primaryimage\",\"url\":\"https:\\\/\\\/protea.pl\\\/wp-content\\\/uploads\\\/2025\\\/11\\\/Stanowisko-testowe-1@2x-scaled-2-e1762850291300.jpg\",\"contentUrl\":\"https:\\\/\\\/protea.pl\\\/wp-content\\\/uploads\\\/2025\\\/11\\\/Stanowisko-testowe-1@2x-scaled-2-e1762850291300.jpg\"},{\"@type\":\"BreadcrumbList\",\"@id\":\"https:\\\/\\\/protea.pl\\\/pl\\\/our-values\\\/#breadcrumb\",\"itemListElement\":[{\"@type\":\"ListItem\",\"position\":1,\"name\":\"Home\",\"item\":\"https:\\\/\\\/protea.pl\\\/pl\\\/\"},{\"@type\":\"ListItem\",\"position\":2,\"name\":\"Nasze Warto\u015bci\"}]},{\"@type\":\"WebSite\",\"@id\":\"https:\\\/\\\/protea.pl\\\/#website\",\"url\":\"https:\\\/\\\/protea.pl\\\/\",\"name\":\"Protea\",\"description\":\"\",\"publisher\":{\"@id\":\"https:\\\/\\\/protea.pl\\\/#organization\"},\"potentialAction\":[{\"@type\":\"SearchAction\",\"target\":{\"@type\":\"EntryPoint\",\"urlTemplate\":\"https:\\\/\\\/protea.pl\\\/?s={search_term_string}\"},\"query-input\":{\"@type\":\"PropertyValueSpecification\",\"valueRequired\":true,\"valueName\":\"search_term_string\"}}],\"inLanguage\":\"pl-PL\"},{\"@type\":\"Organization\",\"@id\":\"https:\\\/\\\/protea.pl\\\/#organization\",\"name\":\"Protea\",\"url\":\"https:\\\/\\\/protea.pl\\\/\",\"logo\":{\"@type\":\"ImageObject\",\"inLanguage\":\"pl-PL\",\"@id\":\"https:\\\/\\\/protea.pl\\\/#\\\/schema\\\/logo\\\/image\\\/\",\"url\":\"https:\\\/\\\/protea.pl\\\/wp-content\\\/uploads\\\/2025\\\/07\\\/cropped-logo.png\",\"contentUrl\":\"https:\\\/\\\/protea.pl\\\/wp-content\\\/uploads\\\/2025\\\/07\\\/cropped-logo.png\",\"width\":569,\"height\":250,\"caption\":\"Protea\"},\"image\":{\"@id\":\"https:\\\/\\\/protea.pl\\\/#\\\/schema\\\/logo\\\/image\\\/\"}}]}<\/script>\n<!-- \/ Yoast SEO plugin. -->","yoast_head_json":{"title":"Nasze Warto\u015bci - Protea","robots":{"index":"index","follow":"follow","max-snippet":"max-snippet:-1","max-image-preview":"max-image-preview:large","max-video-preview":"max-video-preview:-1"},"canonical":"https:\/\/protea.pl\/pl\/our-values\/","og_locale":"pl_PL","og_type":"article","og_title":"Nasze Warto\u015bci - Protea","og_url":"https:\/\/protea.pl\/pl\/our-values\/","og_site_name":"Protea","article_modified_time":"2026-02-27T10:50:08+00:00","og_image":[{"width":2560,"height":1033,"url":"https:\/\/protea.pl\/wp-content\/uploads\/2025\/11\/Stanowisko-testowe-1@2x-scaled-2-e1762850291300.jpg","type":"image\/jpeg"}],"twitter_card":"summary_large_image","twitter_misc":{"Szacowany czas czytania":"3 minuty"},"schema":{"@context":"https:\/\/schema.org","@graph":[{"@type":"WebPage","@id":"https:\/\/protea.pl\/pl\/our-values\/","url":"https:\/\/protea.pl\/pl\/our-values\/","name":"Nasze Warto\u015bci - Protea","isPartOf":{"@id":"https:\/\/protea.pl\/#website"},"primaryImageOfPage":{"@id":"https:\/\/protea.pl\/pl\/our-values\/#primaryimage"},"image":{"@id":"https:\/\/protea.pl\/pl\/our-values\/#primaryimage"},"thumbnailUrl":"https:\/\/protea.pl\/wp-content\/uploads\/2025\/11\/Stanowisko-testowe-1@2x-scaled-2-e1762850291300.jpg","datePublished":"2025-12-10T11:07:14+00:00","dateModified":"2026-02-27T10:50:08+00:00","breadcrumb":{"@id":"https:\/\/protea.pl\/pl\/our-values\/#breadcrumb"},"inLanguage":"pl-PL","potentialAction":[{"@type":"ReadAction","target":["https:\/\/protea.pl\/pl\/our-values\/"]}]},{"@type":"ImageObject","inLanguage":"pl-PL","@id":"https:\/\/protea.pl\/pl\/our-values\/#primaryimage","url":"https:\/\/protea.pl\/wp-content\/uploads\/2025\/11\/Stanowisko-testowe-1@2x-scaled-2-e1762850291300.jpg","contentUrl":"https:\/\/protea.pl\/wp-content\/uploads\/2025\/11\/Stanowisko-testowe-1@2x-scaled-2-e1762850291300.jpg"},{"@type":"BreadcrumbList","@id":"https:\/\/protea.pl\/pl\/our-values\/#breadcrumb","itemListElement":[{"@type":"ListItem","position":1,"name":"Home","item":"https:\/\/protea.pl\/pl\/"},{"@type":"ListItem","position":2,"name":"Nasze Warto\u015bci"}]},{"@type":"WebSite","@id":"https:\/\/protea.pl\/#website","url":"https:\/\/protea.pl\/","name":"Protea","description":"","publisher":{"@id":"https:\/\/protea.pl\/#organization"},"potentialAction":[{"@type":"SearchAction","target":{"@type":"EntryPoint","urlTemplate":"https:\/\/protea.pl\/?s={search_term_string}"},"query-input":{"@type":"PropertyValueSpecification","valueRequired":true,"valueName":"search_term_string"}}],"inLanguage":"pl-PL"},{"@type":"Organization","@id":"https:\/\/protea.pl\/#organization","name":"Protea","url":"https:\/\/protea.pl\/","logo":{"@type":"ImageObject","inLanguage":"pl-PL","@id":"https:\/\/protea.pl\/#\/schema\/logo\/image\/","url":"https:\/\/protea.pl\/wp-content\/uploads\/2025\/07\/cropped-logo.png","contentUrl":"https:\/\/protea.pl\/wp-content\/uploads\/2025\/07\/cropped-logo.png","width":569,"height":250,"caption":"Protea"},"image":{"@id":"https:\/\/protea.pl\/#\/schema\/logo\/image\/"}}]}},"acf":[],"post_thumbnail":null,"_links":{"self":[{"href":"https:\/\/protea.pl\/pl\/wp-json\/wp\/v2\/pages\/2930","targetHints":{"allow":["GET"]}}],"collection":[{"href":"https:\/\/protea.pl\/pl\/wp-json\/wp\/v2\/pages"}],"about":[{"href":"https:\/\/protea.pl\/pl\/wp-json\/wp\/v2\/types\/page"}],"author":[{"embeddable":true,"href":"https:\/\/protea.pl\/pl\/wp-json\/wp\/v2\/users\/1"}],"replies":[{"embeddable":true,"href":"https:\/\/protea.pl\/pl\/wp-json\/wp\/v2\/comments?post=2930"}],"version-history":[{"count":4,"href":"https:\/\/protea.pl\/pl\/wp-json\/wp\/v2\/pages\/2930\/revisions"}],"predecessor-version":[{"id":4243,"href":"https:\/\/protea.pl\/pl\/wp-json\/wp\/v2\/pages\/2930\/revisions\/4243"}],"wp:attachment":[{"href":"https:\/\/protea.pl\/pl\/wp-json\/wp\/v2\/media?parent=2930"}],"curies":[{"name":"wp","href":"https:\/\/api.w.org\/{rel}","templated":true}]}}